{"id":15,"date":"2015-08-26T17:16:05","date_gmt":"2015-08-26T17:16:05","guid":{"rendered":"http:\/\/www.mfcloud.com.br\/?page_id=15"},"modified":"2019-07-12T13:43:15","modified_gmt":"2019-07-12T13:43:15","slug":"quem-somos","status":"publish","type":"page","link":"https:\/\/www.mfcloud.com.br\/index.php\/quem-somos\/","title":{"rendered":"Quem Somos"},"content":{"rendered":"<p><strong class=\"text3\">Excel\u00eancia em Opera\u00e7\u00e3o e Gest\u00e3o de TI \u00e9 o nosso diferencial<br \/>\n<\/strong><\/p>\n<p>Fundada em 1999 e localizada estrategicamente no eixo Rio-S\u00e3o Paulo, a M&amp;F Solu\u00e7\u00f5es em Tecnologia tem em seu DNA a excel\u00eancia em opera\u00e7\u00e3o e gest\u00e3o de TI. S\u00e3o mais de 20 anos suportando e gerenciando ambientes de TI, atuando de forma pontual ou preventiva. Atuamos com diversas modalidades de contrato de servi\u00e7os, com diferentes n\u00edveis de servi\u00e7o (SLA). Inclusive 24&#215;7.<\/p>\n<p>Com parcerias estrat\u00e9gicas com os principais players do mercado de tecnologia, como IBM e VMWARE, a M&amp;F se posiciona como uma s<em>olution provider<\/em> entregando ao cliente projetos que agregam valor nos mais diversos ramos da tecnologia.<\/p>\n<p>Projetos de infra-estrutura de comunica\u00e7\u00e3o (Redes de comunica\u00e7\u00e3o), Armazenamento de dados, dimensionamento de Servidores, monitoramento de ambiente, projetos de virtualiza\u00e7\u00e3o (servidores e Desktop) s\u00e3o alguma das solu\u00e7\u00f5es que nossa equipe esta preparada para entregar ao cliente.<\/p>\n<p>Computa\u00e7\u00e3o sob-demanda \u00e9 um caminho sem volta e a M&amp;F oferece a seus clientes solu\u00e7\u00f5es completas em computa\u00e7\u00e3o em nuvens,\u00a0 hospedagem de sites e e-mails, registro de dom\u00ednio, certificados SSL, servidores VPS com diversas configura\u00e7\u00f5es, al\u00e9m de espa\u00e7o dedicado e controlado para <em>colocation<\/em>, op\u00e7\u00e3o para clientes que j\u00e1 possuem seus servidores.<\/p>\n<p><strong>20 Anos de Experi\u00eancia<\/strong><\/p>\n<p>S\u00e3o mais de 20 anos de experi\u00eancia em projetos de Tecnologia da Informa\u00e7\u00e3o.<\/p>\n<p>M&amp;F Solu\u00e7\u00f5es em Tecnologia, coloca \u00e0 disposi\u00e7\u00e3o de seus clientes toda a expertise adquirida ao longo de sua exist\u00eancia. A atua\u00e7\u00e3o em diversas \u00e1reas da tecnologia nos proporciona uma vis\u00e3o diferenciada do dia-a-dia, facilitando assim a identifica\u00e7\u00e3o de problemas e sua corre\u00e7\u00e3o em tempo h\u00e1bil.<\/p>\n<p><strong>Profissionais Certificados<\/strong><\/p>\n<p>O reconhecimento de um profissional certificado no mercado de trabalho \u00e9 evidente, a M&amp;F, possui profissionais qualificados e certificados nos principais fabricantes mundiais de tecnologia.<\/p>\n","protected":false},"excerpt":{"rendered":"<p>Excel\u00eancia em Opera\u00e7\u00e3o e Gest\u00e3o de TI \u00e9 o nosso diferencial Fundada em 1999 e localizada estrategicamente no eixo Rio-S\u00e3o Paulo, a M&amp;F Solu\u00e7\u00f5es em Tecnologia tem em seu DNA a excel\u00eancia em opera\u00e7\u00e3o e gest\u00e3o de TI. S\u00e3o mais de 20 anos suportando e gerenciando ambientes de TI, atuando de forma pontual ou preventiva. [&hellip;]<\/p>\n","protected":false},"author":1,"featured_media":0,"parent":0,"menu_order":0,"comment_status":"closed","ping_status":"closed","template":"","meta":{"footnotes":""},"class_list":["post-15","page","type-page","status-publish","hentry"],"yoast_head":"<!-- This site is optimized with the Yoast SEO plugin v27.5 - https:\/\/yoast.com\/product\/yoast-seo-wordpress\/ -->\n<title>Quem Somos - M&amp;F Cloud<\/title>\n<meta name=\"robots\" content=\"index, follow, max-snippet:-1, max-image-preview:large, max-video-preview:-1\" \/>\n<link rel=\"canonical\" href=\"https:\/\/www.mfcloud.com.br\/index.php\/quem-somos\/\" \/>\n<meta property=\"og:locale\" content=\"pt_BR\" \/>\n<meta property=\"og:type\" content=\"article\" \/>\n<meta property=\"og:title\" content=\"Quem Somos - M&amp;F Cloud\" \/>\n<meta property=\"og:description\" content=\"Excel\u00eancia em Opera\u00e7\u00e3o e Gest\u00e3o de TI \u00e9 o nosso diferencial Fundada em 1999 e localizada estrategicamente no eixo Rio-S\u00e3o Paulo, a M&amp;F Solu\u00e7\u00f5es em Tecnologia tem em seu DNA a excel\u00eancia em opera\u00e7\u00e3o e gest\u00e3o de TI. S\u00e3o mais de 20 anos suportando e gerenciando ambientes de TI, atuando de forma pontual ou preventiva. [&hellip;]\" \/>\n<meta property=\"og:url\" content=\"https:\/\/www.mfcloud.com.br\/index.php\/quem-somos\/\" \/>\n<meta property=\"og:site_name\" content=\"M&amp;F Cloud\" \/>\n<meta property=\"article:modified_time\" content=\"2019-07-12T13:43:15+00:00\" \/>\n<meta name=\"twitter:card\" content=\"summary_large_image\" \/>\n<meta name=\"twitter:label1\" content=\"Est. tempo de leitura\" \/>\n\t<meta name=\"twitter:data1\" content=\"2 minutos\" \/>\n<script type=\"application\/ld+json\" class=\"yoast-schema-graph\">{\"@context\":\"https:\\\/\\\/schema.org\",\"@graph\":[{\"@type\":\"WebPage\",\"@id\":\"https:\\\/\\\/www.mfcloud.com.br\\\/index.php\\\/quem-somos\\\/\",\"url\":\"https:\\\/\\\/www.mfcloud.com.br\\\/index.php\\\/quem-somos\\\/\",\"name\":\"Quem Somos - M&amp;F Cloud\",\"isPartOf\":{\"@id\":\"https:\\\/\\\/www.mfcloud.com.br\\\/#website\"},\"datePublished\":\"2015-08-26T17:16:05+00:00\",\"dateModified\":\"2019-07-12T13:43:15+00:00\",\"breadcrumb\":{\"@id\":\"https:\\\/\\\/www.mfcloud.com.br\\\/index.php\\\/quem-somos\\\/#breadcrumb\"},\"inLanguage\":\"pt-BR\",\"potentialAction\":[{\"@type\":\"ReadAction\",\"target\":[\"https:\\\/\\\/www.mfcloud.com.br\\\/index.php\\\/quem-somos\\\/\"]}]},{\"@type\":\"BreadcrumbList\",\"@id\":\"https:\\\/\\\/www.mfcloud.com.br\\\/index.php\\\/quem-somos\\\/#breadcrumb\",\"itemListElement\":[{\"@type\":\"ListItem\",\"position\":1,\"name\":\"In\u00edcio\",\"item\":\"https:\\\/\\\/www.mfcloud.com.br\\\/\"},{\"@type\":\"ListItem\",\"position\":2,\"name\":\"Quem Somos\"}]},{\"@type\":\"WebSite\",\"@id\":\"https:\\\/\\\/www.mfcloud.com.br\\\/#website\",\"url\":\"https:\\\/\\\/www.mfcloud.com.br\\\/\",\"name\":\"M&amp;F Cloud\",\"description\":\"Surpreenda-se com as possibilidades.\",\"publisher\":{\"@id\":\"https:\\\/\\\/www.mfcloud.com.br\\\/#organization\"},\"potentialAction\":[{\"@type\":\"SearchAction\",\"target\":{\"@type\":\"EntryPoint\",\"urlTemplate\":\"https:\\\/\\\/www.mfcloud.com.br\\\/?s={search_term_string}\"},\"query-input\":{\"@type\":\"PropertyValueSpecification\",\"valueRequired\":true,\"valueName\":\"search_term_string\"}}],\"inLanguage\":\"pt-BR\"},{\"@type\":\"Organization\",\"@id\":\"https:\\\/\\\/www.mfcloud.com.br\\\/#organization\",\"name\":\"M&F Solu\u00e7\u00f5es em Tecnologia\",\"url\":\"https:\\\/\\\/www.mfcloud.com.br\\\/\",\"logo\":{\"@type\":\"ImageObject\",\"inLanguage\":\"pt-BR\",\"@id\":\"https:\\\/\\\/www.mfcloud.com.br\\\/#\\\/schema\\\/logo\\\/image\\\/\",\"url\":\"https:\\\/\\\/www.mfcloud.com.br\\\/wp-content\\\/uploads\\\/2015\\\/08\\\/logo_mf.png\",\"contentUrl\":\"https:\\\/\\\/www.mfcloud.com.br\\\/wp-content\\\/uploads\\\/2015\\\/08\\\/logo_mf.png\",\"width\":594,\"height\":310,\"caption\":\"M&F Solu\u00e7\u00f5es em Tecnologia\"},\"image\":{\"@id\":\"https:\\\/\\\/www.mfcloud.com.br\\\/#\\\/schema\\\/logo\\\/image\\\/\"}}]}<\/script>\n<!-- \/ Yoast SEO plugin. -->","yoast_head_json":{"title":"Quem Somos - M&amp;F Cloud","robots":{"index":"index","follow":"follow","max-snippet":"max-snippet:-1","max-image-preview":"max-image-preview:large","max-video-preview":"max-video-preview:-1"},"canonical":"https:\/\/www.mfcloud.com.br\/index.php\/quem-somos\/","og_locale":"pt_BR","og_type":"article","og_title":"Quem Somos - M&amp;F Cloud","og_description":"Excel\u00eancia em Opera\u00e7\u00e3o e Gest\u00e3o de TI \u00e9 o nosso diferencial Fundada em 1999 e localizada estrategicamente no eixo Rio-S\u00e3o Paulo, a M&amp;F Solu\u00e7\u00f5es em Tecnologia tem em seu DNA a excel\u00eancia em opera\u00e7\u00e3o e gest\u00e3o de TI. S\u00e3o mais de 20 anos suportando e gerenciando ambientes de TI, atuando de forma pontual ou preventiva. [&hellip;]","og_url":"https:\/\/www.mfcloud.com.br\/index.php\/quem-somos\/","og_site_name":"M&amp;F Cloud","article_modified_time":"2019-07-12T13:43:15+00:00","twitter_card":"summary_large_image","twitter_misc":{"Est. tempo de leitura":"2 minutos"},"schema":{"@context":"https:\/\/schema.org","@graph":[{"@type":"WebPage","@id":"https:\/\/www.mfcloud.com.br\/index.php\/quem-somos\/","url":"https:\/\/www.mfcloud.com.br\/index.php\/quem-somos\/","name":"Quem Somos - M&amp;F Cloud","isPartOf":{"@id":"https:\/\/www.mfcloud.com.br\/#website"},"datePublished":"2015-08-26T17:16:05+00:00","dateModified":"2019-07-12T13:43:15+00:00","breadcrumb":{"@id":"https:\/\/www.mfcloud.com.br\/index.php\/quem-somos\/#breadcrumb"},"inLanguage":"pt-BR","potentialAction":[{"@type":"ReadAction","target":["https:\/\/www.mfcloud.com.br\/index.php\/quem-somos\/"]}]},{"@type":"BreadcrumbList","@id":"https:\/\/www.mfcloud.com.br\/index.php\/quem-somos\/#breadcrumb","itemListElement":[{"@type":"ListItem","position":1,"name":"In\u00edcio","item":"https:\/\/www.mfcloud.com.br\/"},{"@type":"ListItem","position":2,"name":"Quem Somos"}]},{"@type":"WebSite","@id":"https:\/\/www.mfcloud.com.br\/#website","url":"https:\/\/www.mfcloud.com.br\/","name":"M&amp;F Cloud","description":"Surpreenda-se com as possibilidades.","publisher":{"@id":"https:\/\/www.mfcloud.com.br\/#organization"},"potentialAction":[{"@type":"SearchAction","target":{"@type":"EntryPoint","urlTemplate":"https:\/\/www.mfcloud.com.br\/?s={search_term_string}"},"query-input":{"@type":"PropertyValueSpecification","valueRequired":true,"valueName":"search_term_string"}}],"inLanguage":"pt-BR"},{"@type":"Organization","@id":"https:\/\/www.mfcloud.com.br\/#organization","name":"M&F Solu\u00e7\u00f5es em Tecnologia","url":"https:\/\/www.mfcloud.com.br\/","logo":{"@type":"ImageObject","inLanguage":"pt-BR","@id":"https:\/\/www.mfcloud.com.br\/#\/schema\/logo\/image\/","url":"https:\/\/www.mfcloud.com.br\/wp-content\/uploads\/2015\/08\/logo_mf.png","contentUrl":"https:\/\/www.mfcloud.com.br\/wp-content\/uploads\/2015\/08\/logo_mf.png","width":594,"height":310,"caption":"M&F Solu\u00e7\u00f5es em Tecnologia"},"image":{"@id":"https:\/\/www.mfcloud.com.br\/#\/schema\/logo\/image\/"}}]}},"_links":{"self":[{"href":"https:\/\/www.mfcloud.com.br\/index.php\/wp-json\/wp\/v2\/pages\/15","targetHints":{"allow":["GET"]}}],"collection":[{"href":"https:\/\/www.mfcloud.com.br\/index.php\/wp-json\/wp\/v2\/pages"}],"about":[{"href":"https:\/\/www.mfcloud.com.br\/index.php\/wp-json\/wp\/v2\/types\/page"}],"author":[{"embeddable":true,"href":"https:\/\/www.mfcloud.com.br\/index.php\/wp-json\/wp\/v2\/users\/1"}],"replies":[{"embeddable":true,"href":"https:\/\/www.mfcloud.com.br\/index.php\/wp-json\/wp\/v2\/comments?post=15"}],"version-history":[{"count":7,"href":"https:\/\/www.mfcloud.com.br\/index.php\/wp-json\/wp\/v2\/pages\/15\/revisions"}],"predecessor-version":[{"id":187,"href":"https:\/\/www.mfcloud.com.br\/index.php\/wp-json\/wp\/v2\/pages\/15\/revisions\/187"}],"wp:attachment":[{"href":"https:\/\/www.mfcloud.com.br\/index.php\/wp-json\/wp\/v2\/media?parent=15"}],"curies":[{"name":"wp","href":"https:\/\/api.w.org\/{rel}","templated":true}]}}