{"id":17,"date":"2015-08-26T17:19:44","date_gmt":"2015-08-26T17:19:44","guid":{"rendered":"http:\/\/www.mfcloud.com.br\/?page_id=17"},"modified":"2019-07-11T16:33:02","modified_gmt":"2019-07-11T16:33:02","slug":"cloud-backup","status":"publish","type":"page","link":"https:\/\/www.mfcloud.com.br\/index.php\/cloud-backup\/","title":{"rendered":"Cloud Backup"},"content":{"rendered":"<p><strong>Solu\u00e7\u00e3o de Backup<\/strong><\/p>\n<p>M&amp;F Cloud Backup\u00a0\u00e9 uma maneira simples e segura de realizar backup de todos os seus dados, seja de 1 computador espec\u00edfico ou dos servidores de sua empresa. O Funcionamento \u00e9 muito simples: Uma c\u00f3pia dos arquivos selecionados \u00e9 enviada automaticamente via internet e armazenada em nossos servidores (World Class), de modo que, em casos de desastre os mesmos podem ser recuperados facilmente.<\/p>\n<p>A Solu\u00e7\u00e3o M&amp;F Cloud Backup \u00e9 composta por:<\/p>\n<ul>\n<li>Espa\u00e7o alocado em nossos servidores para armazenamento que varia de acordo com cada plano contratado.<\/li>\n<li>Aplicativo cliente para realiza\u00e7\u00e3o do backup e restore dos dados, em nuvem e\/ou local.<\/li>\n<\/ul>\n<p><strong>Backup Sob Medida<\/strong><\/p>\n<p>Os planos de armazenamento do M&amp;F Cloud backup, oferecem uma vasta op\u00e7\u00e3o de tamanhos de espa\u00e7os para o seu backup.<\/p>\n<p>Temos planos para todos os tamanhos de empresas e necessidades. Diferente de outras solu\u00e7\u00f5es de mercado, nosso sistema \u00e9 completo e n\u00e3o depende de vers\u00f5es ou licen\u00e7as adicionais para realizar backup de determinados tipos de dados \/ arquivos \/ aplica\u00e7\u00f5es.<\/p>\n<p>Se voc\u00ea tem uma necessidade sob demanda, inclusive para backup local, fale conosco e iremos elaborar um plano especial para a sua necessidade.<\/p>\n<p><strong>Dados protegidos e acess\u00edveis<\/strong><\/p>\n<p>Imprevisto acontecem todos os dias e seus dados precisam estar sempre seguros e acess\u00edveis. Com a nossa solu\u00e7\u00e3o de backup \u00e9 poss\u00edvel se proteger de imprevistos de forma muito simples e ainda restaurar seus dados de qualquer lugar. Basta ter acesso a internet.<\/p>\n<p><strong>M&amp;F Cloud Backup protege os seus dados de:<\/strong><\/p>\n<p><a href=\"http:\/\/www.mfcloud.com.br\/wp-content\/uploads\/2015\/08\/cloud_bkp_prot.png\"><img loading=\"lazy\" decoding=\"async\" class=\"aligncenter wp-image-62 size-large\" src=\"http:\/\/www.mfcloud.com.br\/wp-content\/uploads\/2015\/08\/cloud_bkp_prot-1024x554.png\" alt=\"cloud_bkp_prot\" width=\"730\" height=\"395\" srcset=\"https:\/\/www.mfcloud.com.br\/wp-content\/uploads\/2015\/08\/cloud_bkp_prot-1024x554.png 1024w, https:\/\/www.mfcloud.com.br\/wp-content\/uploads\/2015\/08\/cloud_bkp_prot-300x162.png 300w, https:\/\/www.mfcloud.com.br\/wp-content\/uploads\/2015\/08\/cloud_bkp_prot.png 1538w\" sizes=\"auto, (max-width: 730px) 100vw, 730px\" \/><\/a><\/p>\n<p><strong>Principais Sistemas e Aplica\u00e7\u00f5es<\/strong><\/p>\n<p><a href=\"http:\/\/www.mfcloud.com.br\/wp-content\/uploads\/2015\/08\/cloud_bkp_aplic.png\"><img loading=\"lazy\" decoding=\"async\" class=\"aligncenter wp-image-61 size-full\" src=\"http:\/\/www.mfcloud.com.br\/wp-content\/uploads\/2015\/08\/cloud_bkp_aplic.png\" alt=\"cloud_bkp_aplic\" width=\"598\" height=\"252\" srcset=\"https:\/\/www.mfcloud.com.br\/wp-content\/uploads\/2015\/08\/cloud_bkp_aplic.png 598w, https:\/\/www.mfcloud.com.br\/wp-content\/uploads\/2015\/08\/cloud_bkp_aplic-300x126.png 300w\" sizes=\"auto, (max-width: 598px) 100vw, 598px\" \/><\/a><\/p>\n","protected":false},"excerpt":{"rendered":"<p>Solu\u00e7\u00e3o de Backup M&amp;F Cloud Backup\u00a0\u00e9 uma maneira simples e segura de realizar backup de todos os seus dados, seja de 1 computador espec\u00edfico ou dos servidores de sua empresa. O Funcionamento \u00e9 muito simples: Uma c\u00f3pia dos arquivos selecionados \u00e9 enviada automaticamente via internet e armazenada em nossos servidores (World Class), de modo que, [&hellip;]<\/p>\n","protected":false},"author":1,"featured_media":0,"parent":0,"menu_order":0,"comment_status":"closed","ping_status":"closed","template":"","meta":{"footnotes":""},"class_list":["post-17","page","type-page","status-publish","hentry"],"yoast_head":"<!-- This site is optimized with the Yoast SEO plugin v27.4 - https:\/\/yoast.com\/product\/yoast-seo-wordpress\/ -->\n<title>Cloud Backup - M&amp;F Cloud<\/title>\n<meta name=\"robots\" content=\"index, follow, max-snippet:-1, max-image-preview:large, max-video-preview:-1\" \/>\n<link rel=\"canonical\" href=\"https:\/\/www.mfcloud.com.br\/index.php\/cloud-backup\/\" \/>\n<meta property=\"og:locale\" content=\"pt_BR\" \/>\n<meta property=\"og:type\" content=\"article\" \/>\n<meta property=\"og:title\" content=\"Cloud Backup - M&amp;F Cloud\" \/>\n<meta property=\"og:description\" content=\"Solu\u00e7\u00e3o de Backup M&amp;F Cloud Backup\u00a0\u00e9 uma maneira simples e segura de realizar backup de todos os seus dados, seja de 1 computador espec\u00edfico ou dos servidores de sua empresa. O Funcionamento \u00e9 muito simples: Uma c\u00f3pia dos arquivos selecionados \u00e9 enviada automaticamente via internet e armazenada em nossos servidores (World Class), de modo que, [&hellip;]\" \/>\n<meta property=\"og:url\" content=\"https:\/\/www.mfcloud.com.br\/index.php\/cloud-backup\/\" \/>\n<meta property=\"og:site_name\" content=\"M&amp;F Cloud\" \/>\n<meta property=\"article:modified_time\" content=\"2019-07-11T16:33:02+00:00\" \/>\n<meta property=\"og:image\" content=\"http:\/\/www.mfcloud.com.br\/wp-content\/uploads\/2015\/08\/cloud_bkp_prot-1024x554.png\" \/>\n<meta name=\"twitter:card\" content=\"summary_large_image\" \/>\n<meta name=\"twitter:label1\" content=\"Est. tempo de leitura\" \/>\n\t<meta name=\"twitter:data1\" content=\"1 minuto\" \/>\n<script type=\"application\/ld+json\" class=\"yoast-schema-graph\">{\"@context\":\"https:\\\/\\\/schema.org\",\"@graph\":[{\"@type\":\"WebPage\",\"@id\":\"https:\\\/\\\/www.mfcloud.com.br\\\/index.php\\\/cloud-backup\\\/\",\"url\":\"https:\\\/\\\/www.mfcloud.com.br\\\/index.php\\\/cloud-backup\\\/\",\"name\":\"Cloud Backup - M&amp;F Cloud\",\"isPartOf\":{\"@id\":\"https:\\\/\\\/www.mfcloud.com.br\\\/#website\"},\"primaryImageOfPage\":{\"@id\":\"https:\\\/\\\/www.mfcloud.com.br\\\/index.php\\\/cloud-backup\\\/#primaryimage\"},\"image\":{\"@id\":\"https:\\\/\\\/www.mfcloud.com.br\\\/index.php\\\/cloud-backup\\\/#primaryimage\"},\"thumbnailUrl\":\"http:\\\/\\\/www.mfcloud.com.br\\\/wp-content\\\/uploads\\\/2015\\\/08\\\/cloud_bkp_prot-1024x554.png\",\"datePublished\":\"2015-08-26T17:19:44+00:00\",\"dateModified\":\"2019-07-11T16:33:02+00:00\",\"breadcrumb\":{\"@id\":\"https:\\\/\\\/www.mfcloud.com.br\\\/index.php\\\/cloud-backup\\\/#breadcrumb\"},\"inLanguage\":\"pt-BR\",\"potentialAction\":[{\"@type\":\"ReadAction\",\"target\":[\"https:\\\/\\\/www.mfcloud.com.br\\\/index.php\\\/cloud-backup\\\/\"]}]},{\"@type\":\"ImageObject\",\"inLanguage\":\"pt-BR\",\"@id\":\"https:\\\/\\\/www.mfcloud.com.br\\\/index.php\\\/cloud-backup\\\/#primaryimage\",\"url\":\"http:\\\/\\\/www.mfcloud.com.br\\\/wp-content\\\/uploads\\\/2015\\\/08\\\/cloud_bkp_prot-1024x554.png\",\"contentUrl\":\"http:\\\/\\\/www.mfcloud.com.br\\\/wp-content\\\/uploads\\\/2015\\\/08\\\/cloud_bkp_prot-1024x554.png\"},{\"@type\":\"BreadcrumbList\",\"@id\":\"https:\\\/\\\/www.mfcloud.com.br\\\/index.php\\\/cloud-backup\\\/#breadcrumb\",\"itemListElement\":[{\"@type\":\"ListItem\",\"position\":1,\"name\":\"In\u00edcio\",\"item\":\"https:\\\/\\\/www.mfcloud.com.br\\\/\"},{\"@type\":\"ListItem\",\"position\":2,\"name\":\"Cloud Backup\"}]},{\"@type\":\"WebSite\",\"@id\":\"https:\\\/\\\/www.mfcloud.com.br\\\/#website\",\"url\":\"https:\\\/\\\/www.mfcloud.com.br\\\/\",\"name\":\"M&amp;F Cloud\",\"description\":\"Surpreenda-se com as possibilidades.\",\"publisher\":{\"@id\":\"https:\\\/\\\/www.mfcloud.com.br\\\/#organization\"},\"potentialAction\":[{\"@type\":\"SearchAction\",\"target\":{\"@type\":\"EntryPoint\",\"urlTemplate\":\"https:\\\/\\\/www.mfcloud.com.br\\\/?s={search_term_string}\"},\"query-input\":{\"@type\":\"PropertyValueSpecification\",\"valueRequired\":true,\"valueName\":\"search_term_string\"}}],\"inLanguage\":\"pt-BR\"},{\"@type\":\"Organization\",\"@id\":\"https:\\\/\\\/www.mfcloud.com.br\\\/#organization\",\"name\":\"M&F Solu\u00e7\u00f5es em Tecnologia\",\"url\":\"https:\\\/\\\/www.mfcloud.com.br\\\/\",\"logo\":{\"@type\":\"ImageObject\",\"inLanguage\":\"pt-BR\",\"@id\":\"https:\\\/\\\/www.mfcloud.com.br\\\/#\\\/schema\\\/logo\\\/image\\\/\",\"url\":\"https:\\\/\\\/www.mfcloud.com.br\\\/wp-content\\\/uploads\\\/2015\\\/08\\\/logo_mf.png\",\"contentUrl\":\"https:\\\/\\\/www.mfcloud.com.br\\\/wp-content\\\/uploads\\\/2015\\\/08\\\/logo_mf.png\",\"width\":594,\"height\":310,\"caption\":\"M&F Solu\u00e7\u00f5es em Tecnologia\"},\"image\":{\"@id\":\"https:\\\/\\\/www.mfcloud.com.br\\\/#\\\/schema\\\/logo\\\/image\\\/\"}}]}<\/script>\n<!-- \/ Yoast SEO plugin. -->","yoast_head_json":{"title":"Cloud Backup - M&amp;F Cloud","robots":{"index":"index","follow":"follow","max-snippet":"max-snippet:-1","max-image-preview":"max-image-preview:large","max-video-preview":"max-video-preview:-1"},"canonical":"https:\/\/www.mfcloud.com.br\/index.php\/cloud-backup\/","og_locale":"pt_BR","og_type":"article","og_title":"Cloud Backup - M&amp;F Cloud","og_description":"Solu\u00e7\u00e3o de Backup M&amp;F Cloud Backup\u00a0\u00e9 uma maneira simples e segura de realizar backup de todos os seus dados, seja de 1 computador espec\u00edfico ou dos servidores de sua empresa. O Funcionamento \u00e9 muito simples: Uma c\u00f3pia dos arquivos selecionados \u00e9 enviada automaticamente via internet e armazenada em nossos servidores (World Class), de modo que, [&hellip;]","og_url":"https:\/\/www.mfcloud.com.br\/index.php\/cloud-backup\/","og_site_name":"M&amp;F Cloud","article_modified_time":"2019-07-11T16:33:02+00:00","og_image":[{"url":"http:\/\/www.mfcloud.com.br\/wp-content\/uploads\/2015\/08\/cloud_bkp_prot-1024x554.png","type":"","width":"","height":""}],"twitter_card":"summary_large_image","twitter_misc":{"Est. tempo de leitura":"1 minuto"},"schema":{"@context":"https:\/\/schema.org","@graph":[{"@type":"WebPage","@id":"https:\/\/www.mfcloud.com.br\/index.php\/cloud-backup\/","url":"https:\/\/www.mfcloud.com.br\/index.php\/cloud-backup\/","name":"Cloud Backup - M&amp;F Cloud","isPartOf":{"@id":"https:\/\/www.mfcloud.com.br\/#website"},"primaryImageOfPage":{"@id":"https:\/\/www.mfcloud.com.br\/index.php\/cloud-backup\/#primaryimage"},"image":{"@id":"https:\/\/www.mfcloud.com.br\/index.php\/cloud-backup\/#primaryimage"},"thumbnailUrl":"http:\/\/www.mfcloud.com.br\/wp-content\/uploads\/2015\/08\/cloud_bkp_prot-1024x554.png","datePublished":"2015-08-26T17:19:44+00:00","dateModified":"2019-07-11T16:33:02+00:00","breadcrumb":{"@id":"https:\/\/www.mfcloud.com.br\/index.php\/cloud-backup\/#breadcrumb"},"inLanguage":"pt-BR","potentialAction":[{"@type":"ReadAction","target":["https:\/\/www.mfcloud.com.br\/index.php\/cloud-backup\/"]}]},{"@type":"ImageObject","inLanguage":"pt-BR","@id":"https:\/\/www.mfcloud.com.br\/index.php\/cloud-backup\/#primaryimage","url":"http:\/\/www.mfcloud.com.br\/wp-content\/uploads\/2015\/08\/cloud_bkp_prot-1024x554.png","contentUrl":"http:\/\/www.mfcloud.com.br\/wp-content\/uploads\/2015\/08\/cloud_bkp_prot-1024x554.png"},{"@type":"BreadcrumbList","@id":"https:\/\/www.mfcloud.com.br\/index.php\/cloud-backup\/#breadcrumb","itemListElement":[{"@type":"ListItem","position":1,"name":"In\u00edcio","item":"https:\/\/www.mfcloud.com.br\/"},{"@type":"ListItem","position":2,"name":"Cloud Backup"}]},{"@type":"WebSite","@id":"https:\/\/www.mfcloud.com.br\/#website","url":"https:\/\/www.mfcloud.com.br\/","name":"M&amp;F Cloud","description":"Surpreenda-se com as possibilidades.","publisher":{"@id":"https:\/\/www.mfcloud.com.br\/#organization"},"potentialAction":[{"@type":"SearchAction","target":{"@type":"EntryPoint","urlTemplate":"https:\/\/www.mfcloud.com.br\/?s={search_term_string}"},"query-input":{"@type":"PropertyValueSpecification","valueRequired":true,"valueName":"search_term_string"}}],"inLanguage":"pt-BR"},{"@type":"Organization","@id":"https:\/\/www.mfcloud.com.br\/#organization","name":"M&F Solu\u00e7\u00f5es em Tecnologia","url":"https:\/\/www.mfcloud.com.br\/","logo":{"@type":"ImageObject","inLanguage":"pt-BR","@id":"https:\/\/www.mfcloud.com.br\/#\/schema\/logo\/image\/","url":"https:\/\/www.mfcloud.com.br\/wp-content\/uploads\/2015\/08\/logo_mf.png","contentUrl":"https:\/\/www.mfcloud.com.br\/wp-content\/uploads\/2015\/08\/logo_mf.png","width":594,"height":310,"caption":"M&F Solu\u00e7\u00f5es em Tecnologia"},"image":{"@id":"https:\/\/www.mfcloud.com.br\/#\/schema\/logo\/image\/"}}]}},"_links":{"self":[{"href":"https:\/\/www.mfcloud.com.br\/index.php\/wp-json\/wp\/v2\/pages\/17","targetHints":{"allow":["GET"]}}],"collection":[{"href":"https:\/\/www.mfcloud.com.br\/index.php\/wp-json\/wp\/v2\/pages"}],"about":[{"href":"https:\/\/www.mfcloud.com.br\/index.php\/wp-json\/wp\/v2\/types\/page"}],"author":[{"embeddable":true,"href":"https:\/\/www.mfcloud.com.br\/index.php\/wp-json\/wp\/v2\/users\/1"}],"replies":[{"embeddable":true,"href":"https:\/\/www.mfcloud.com.br\/index.php\/wp-json\/wp\/v2\/comments?post=17"}],"version-history":[{"count":2,"href":"https:\/\/www.mfcloud.com.br\/index.php\/wp-json\/wp\/v2\/pages\/17\/revisions"}],"predecessor-version":[{"id":63,"href":"https:\/\/www.mfcloud.com.br\/index.php\/wp-json\/wp\/v2\/pages\/17\/revisions\/63"}],"wp:attachment":[{"href":"https:\/\/www.mfcloud.com.br\/index.php\/wp-json\/wp\/v2\/media?parent=17"}],"curies":[{"name":"wp","href":"https:\/\/api.w.org\/{rel}","templated":true}]}}