{"id":21,"date":"2015-08-26T17:21:19","date_gmt":"2015-08-26T17:21:19","guid":{"rendered":"http:\/\/www.mfcloud.com.br\/?page_id=21"},"modified":"2015-08-26T19:28:02","modified_gmt":"2015-08-26T19:28:02","slug":"como-funciona","status":"publish","type":"page","link":"https:\/\/www.mfcloud.com.br\/index.php\/cloud-backup\/como-funciona\/","title":{"rendered":"Como funciona"},"content":{"rendered":"<p>O <strong>M&amp;F Cloud Backup<\/strong> funciona de maneira muito simples, pr\u00e1tica e segura. Veja abaixo o esquema de funcionamento.<\/p>\n<ul>\n<li><strong>BACKUP<\/strong> &#8211; Seus dados s\u00e3o compactados, criptografados e enviados aos nossos servidores.<\/li>\n<\/ul>\n<ul>\n<li><strong>RESTORE<\/strong> &#8211; Seus dados s\u00e3o baixados, decriptados e descompactados em seu computador.<\/li>\n<\/ul>\n<p>Com o <strong>M&amp;F Cloud Backup<\/strong> \u00e9 poss\u00edvel realizar uma c\u00f3pia local de todos os seus dados antes de enviar para os nossos servidores. Isso ir\u00e1 proporcionar uma agilidade ainda maior no caso de restaura\u00e7\u00e3o de dados.<\/p>\n<p>&nbsp;<\/p>\n<div><a href=\"http:\/\/www.mfcloud.com.br\/wp-content\/uploads\/2015\/08\/cloud_bkp_rotina-e1440615483625.png\"><img loading=\"lazy\" decoding=\"async\" class=\"wp-image-55 size-full alignright\" src=\"http:\/\/www.mfcloud.com.br\/wp-content\/uploads\/2015\/08\/cloud_bkp_rotina-e1440615483625.png\" alt=\"cloud_bkp_rotina\" width=\"2121\" height=\"992\" \/><\/a><\/div>\n","protected":false},"excerpt":{"rendered":"<p>O M&amp;F Cloud Backup funciona de maneira muito simples, pr\u00e1tica e segura. Veja abaixo o esquema de funcionamento. BACKUP &#8211; Seus dados s\u00e3o compactados, criptografados e enviados aos nossos servidores. RESTORE &#8211; Seus dados s\u00e3o baixados, decriptados e descompactados em seu computador. Com o M&amp;F Cloud Backup \u00e9 poss\u00edvel realizar uma c\u00f3pia local de todos [&hellip;]<\/p>\n","protected":false},"author":1,"featured_media":0,"parent":17,"menu_order":0,"comment_status":"closed","ping_status":"closed","template":"","meta":{"footnotes":""},"class_list":["post-21","page","type-page","status-publish","hentry"],"yoast_head":"<!-- This site is optimized with the Yoast SEO plugin v27.4 - https:\/\/yoast.com\/product\/yoast-seo-wordpress\/ -->\n<title>Como funciona - M&amp;F Cloud<\/title>\n<meta name=\"robots\" content=\"index, follow, max-snippet:-1, max-image-preview:large, max-video-preview:-1\" \/>\n<link rel=\"canonical\" href=\"https:\/\/www.mfcloud.com.br\/index.php\/cloud-backup\/como-funciona\/\" \/>\n<meta property=\"og:locale\" content=\"pt_BR\" \/>\n<meta property=\"og:type\" content=\"article\" \/>\n<meta property=\"og:title\" content=\"Como funciona - M&amp;F Cloud\" \/>\n<meta property=\"og:description\" content=\"O M&amp;F Cloud Backup funciona de maneira muito simples, pr\u00e1tica e segura. Veja abaixo o esquema de funcionamento. BACKUP &#8211; Seus dados s\u00e3o compactados, criptografados e enviados aos nossos servidores. RESTORE &#8211; Seus dados s\u00e3o baixados, decriptados e descompactados em seu computador. Com o M&amp;F Cloud Backup \u00e9 poss\u00edvel realizar uma c\u00f3pia local de todos [&hellip;]\" \/>\n<meta property=\"og:url\" content=\"https:\/\/www.mfcloud.com.br\/index.php\/cloud-backup\/como-funciona\/\" \/>\n<meta property=\"og:site_name\" content=\"M&amp;F Cloud\" \/>\n<meta property=\"article:modified_time\" content=\"2015-08-26T19:28:02+00:00\" \/>\n<meta property=\"og:image\" content=\"http:\/\/www.mfcloud.com.br\/wp-content\/uploads\/2015\/08\/cloud_bkp_rotina-e1440615483625.png\" \/>\n<meta name=\"twitter:card\" content=\"summary_large_image\" \/>\n<script type=\"application\/ld+json\" class=\"yoast-schema-graph\">{\"@context\":\"https:\\\/\\\/schema.org\",\"@graph\":[{\"@type\":\"WebPage\",\"@id\":\"https:\\\/\\\/www.mfcloud.com.br\\\/index.php\\\/cloud-backup\\\/como-funciona\\\/\",\"url\":\"https:\\\/\\\/www.mfcloud.com.br\\\/index.php\\\/cloud-backup\\\/como-funciona\\\/\",\"name\":\"Como funciona - M&amp;F Cloud\",\"isPartOf\":{\"@id\":\"https:\\\/\\\/www.mfcloud.com.br\\\/#website\"},\"primaryImageOfPage\":{\"@id\":\"https:\\\/\\\/www.mfcloud.com.br\\\/index.php\\\/cloud-backup\\\/como-funciona\\\/#primaryimage\"},\"image\":{\"@id\":\"https:\\\/\\\/www.mfcloud.com.br\\\/index.php\\\/cloud-backup\\\/como-funciona\\\/#primaryimage\"},\"thumbnailUrl\":\"http:\\\/\\\/www.mfcloud.com.br\\\/wp-content\\\/uploads\\\/2015\\\/08\\\/cloud_bkp_rotina-e1440615483625.png\",\"datePublished\":\"2015-08-26T17:21:19+00:00\",\"dateModified\":\"2015-08-26T19:28:02+00:00\",\"breadcrumb\":{\"@id\":\"https:\\\/\\\/www.mfcloud.com.br\\\/index.php\\\/cloud-backup\\\/como-funciona\\\/#breadcrumb\"},\"inLanguage\":\"pt-BR\",\"potentialAction\":[{\"@type\":\"ReadAction\",\"target\":[\"https:\\\/\\\/www.mfcloud.com.br\\\/index.php\\\/cloud-backup\\\/como-funciona\\\/\"]}]},{\"@type\":\"ImageObject\",\"inLanguage\":\"pt-BR\",\"@id\":\"https:\\\/\\\/www.mfcloud.com.br\\\/index.php\\\/cloud-backup\\\/como-funciona\\\/#primaryimage\",\"url\":\"http:\\\/\\\/www.mfcloud.com.br\\\/wp-content\\\/uploads\\\/2015\\\/08\\\/cloud_bkp_rotina-e1440615483625.png\",\"contentUrl\":\"http:\\\/\\\/www.mfcloud.com.br\\\/wp-content\\\/uploads\\\/2015\\\/08\\\/cloud_bkp_rotina-e1440615483625.png\"},{\"@type\":\"BreadcrumbList\",\"@id\":\"https:\\\/\\\/www.mfcloud.com.br\\\/index.php\\\/cloud-backup\\\/como-funciona\\\/#breadcrumb\",\"itemListElement\":[{\"@type\":\"ListItem\",\"position\":1,\"name\":\"In\u00edcio\",\"item\":\"https:\\\/\\\/www.mfcloud.com.br\\\/\"},{\"@type\":\"ListItem\",\"position\":2,\"name\":\"Cloud Backup\",\"item\":\"https:\\\/\\\/www.mfcloud.com.br\\\/index.php\\\/cloud-backup\\\/\"},{\"@type\":\"ListItem\",\"position\":3,\"name\":\"Como funciona\"}]},{\"@type\":\"WebSite\",\"@id\":\"https:\\\/\\\/www.mfcloud.com.br\\\/#website\",\"url\":\"https:\\\/\\\/www.mfcloud.com.br\\\/\",\"name\":\"M&amp;F Cloud\",\"description\":\"Surpreenda-se com as possibilidades.\",\"publisher\":{\"@id\":\"https:\\\/\\\/www.mfcloud.com.br\\\/#organization\"},\"potentialAction\":[{\"@type\":\"SearchAction\",\"target\":{\"@type\":\"EntryPoint\",\"urlTemplate\":\"https:\\\/\\\/www.mfcloud.com.br\\\/?s={search_term_string}\"},\"query-input\":{\"@type\":\"PropertyValueSpecification\",\"valueRequired\":true,\"valueName\":\"search_term_string\"}}],\"inLanguage\":\"pt-BR\"},{\"@type\":\"Organization\",\"@id\":\"https:\\\/\\\/www.mfcloud.com.br\\\/#organization\",\"name\":\"M&F Solu\u00e7\u00f5es em Tecnologia\",\"url\":\"https:\\\/\\\/www.mfcloud.com.br\\\/\",\"logo\":{\"@type\":\"ImageObject\",\"inLanguage\":\"pt-BR\",\"@id\":\"https:\\\/\\\/www.mfcloud.com.br\\\/#\\\/schema\\\/logo\\\/image\\\/\",\"url\":\"https:\\\/\\\/www.mfcloud.com.br\\\/wp-content\\\/uploads\\\/2015\\\/08\\\/logo_mf.png\",\"contentUrl\":\"https:\\\/\\\/www.mfcloud.com.br\\\/wp-content\\\/uploads\\\/2015\\\/08\\\/logo_mf.png\",\"width\":594,\"height\":310,\"caption\":\"M&F Solu\u00e7\u00f5es em Tecnologia\"},\"image\":{\"@id\":\"https:\\\/\\\/www.mfcloud.com.br\\\/#\\\/schema\\\/logo\\\/image\\\/\"}}]}<\/script>\n<!-- \/ Yoast SEO plugin. -->","yoast_head_json":{"title":"Como funciona - M&amp;F Cloud","robots":{"index":"index","follow":"follow","max-snippet":"max-snippet:-1","max-image-preview":"max-image-preview:large","max-video-preview":"max-video-preview:-1"},"canonical":"https:\/\/www.mfcloud.com.br\/index.php\/cloud-backup\/como-funciona\/","og_locale":"pt_BR","og_type":"article","og_title":"Como funciona - M&amp;F Cloud","og_description":"O M&amp;F Cloud Backup funciona de maneira muito simples, pr\u00e1tica e segura. Veja abaixo o esquema de funcionamento. BACKUP &#8211; Seus dados s\u00e3o compactados, criptografados e enviados aos nossos servidores. RESTORE &#8211; Seus dados s\u00e3o baixados, decriptados e descompactados em seu computador. Com o M&amp;F Cloud Backup \u00e9 poss\u00edvel realizar uma c\u00f3pia local de todos [&hellip;]","og_url":"https:\/\/www.mfcloud.com.br\/index.php\/cloud-backup\/como-funciona\/","og_site_name":"M&amp;F Cloud","article_modified_time":"2015-08-26T19:28:02+00:00","og_image":[{"url":"http:\/\/www.mfcloud.com.br\/wp-content\/uploads\/2015\/08\/cloud_bkp_rotina-e1440615483625.png","type":"","width":"","height":""}],"twitter_card":"summary_large_image","schema":{"@context":"https:\/\/schema.org","@graph":[{"@type":"WebPage","@id":"https:\/\/www.mfcloud.com.br\/index.php\/cloud-backup\/como-funciona\/","url":"https:\/\/www.mfcloud.com.br\/index.php\/cloud-backup\/como-funciona\/","name":"Como funciona - M&amp;F Cloud","isPartOf":{"@id":"https:\/\/www.mfcloud.com.br\/#website"},"primaryImageOfPage":{"@id":"https:\/\/www.mfcloud.com.br\/index.php\/cloud-backup\/como-funciona\/#primaryimage"},"image":{"@id":"https:\/\/www.mfcloud.com.br\/index.php\/cloud-backup\/como-funciona\/#primaryimage"},"thumbnailUrl":"http:\/\/www.mfcloud.com.br\/wp-content\/uploads\/2015\/08\/cloud_bkp_rotina-e1440615483625.png","datePublished":"2015-08-26T17:21:19+00:00","dateModified":"2015-08-26T19:28:02+00:00","breadcrumb":{"@id":"https:\/\/www.mfcloud.com.br\/index.php\/cloud-backup\/como-funciona\/#breadcrumb"},"inLanguage":"pt-BR","potentialAction":[{"@type":"ReadAction","target":["https:\/\/www.mfcloud.com.br\/index.php\/cloud-backup\/como-funciona\/"]}]},{"@type":"ImageObject","inLanguage":"pt-BR","@id":"https:\/\/www.mfcloud.com.br\/index.php\/cloud-backup\/como-funciona\/#primaryimage","url":"http:\/\/www.mfcloud.com.br\/wp-content\/uploads\/2015\/08\/cloud_bkp_rotina-e1440615483625.png","contentUrl":"http:\/\/www.mfcloud.com.br\/wp-content\/uploads\/2015\/08\/cloud_bkp_rotina-e1440615483625.png"},{"@type":"BreadcrumbList","@id":"https:\/\/www.mfcloud.com.br\/index.php\/cloud-backup\/como-funciona\/#breadcrumb","itemListElement":[{"@type":"ListItem","position":1,"name":"In\u00edcio","item":"https:\/\/www.mfcloud.com.br\/"},{"@type":"ListItem","position":2,"name":"Cloud Backup","item":"https:\/\/www.mfcloud.com.br\/index.php\/cloud-backup\/"},{"@type":"ListItem","position":3,"name":"Como funciona"}]},{"@type":"WebSite","@id":"https:\/\/www.mfcloud.com.br\/#website","url":"https:\/\/www.mfcloud.com.br\/","name":"M&amp;F Cloud","description":"Surpreenda-se com as possibilidades.","publisher":{"@id":"https:\/\/www.mfcloud.com.br\/#organization"},"potentialAction":[{"@type":"SearchAction","target":{"@type":"EntryPoint","urlTemplate":"https:\/\/www.mfcloud.com.br\/?s={search_term_string}"},"query-input":{"@type":"PropertyValueSpecification","valueRequired":true,"valueName":"search_term_string"}}],"inLanguage":"pt-BR"},{"@type":"Organization","@id":"https:\/\/www.mfcloud.com.br\/#organization","name":"M&F Solu\u00e7\u00f5es em Tecnologia","url":"https:\/\/www.mfcloud.com.br\/","logo":{"@type":"ImageObject","inLanguage":"pt-BR","@id":"https:\/\/www.mfcloud.com.br\/#\/schema\/logo\/image\/","url":"https:\/\/www.mfcloud.com.br\/wp-content\/uploads\/2015\/08\/logo_mf.png","contentUrl":"https:\/\/www.mfcloud.com.br\/wp-content\/uploads\/2015\/08\/logo_mf.png","width":594,"height":310,"caption":"M&F Solu\u00e7\u00f5es em Tecnologia"},"image":{"@id":"https:\/\/www.mfcloud.com.br\/#\/schema\/logo\/image\/"}}]}},"_links":{"self":[{"href":"https:\/\/www.mfcloud.com.br\/index.php\/wp-json\/wp\/v2\/pages\/21","targetHints":{"allow":["GET"]}}],"collection":[{"href":"https:\/\/www.mfcloud.com.br\/index.php\/wp-json\/wp\/v2\/pages"}],"about":[{"href":"https:\/\/www.mfcloud.com.br\/index.php\/wp-json\/wp\/v2\/types\/page"}],"author":[{"embeddable":true,"href":"https:\/\/www.mfcloud.com.br\/index.php\/wp-json\/wp\/v2\/users\/1"}],"replies":[{"embeddable":true,"href":"https:\/\/www.mfcloud.com.br\/index.php\/wp-json\/wp\/v2\/comments?post=21"}],"version-history":[{"count":16,"href":"https:\/\/www.mfcloud.com.br\/index.php\/wp-json\/wp\/v2\/pages\/21\/revisions"}],"predecessor-version":[{"id":71,"href":"https:\/\/www.mfcloud.com.br\/index.php\/wp-json\/wp\/v2\/pages\/21\/revisions\/71"}],"up":[{"embeddable":true,"href":"https:\/\/www.mfcloud.com.br\/index.php\/wp-json\/wp\/v2\/pages\/17"}],"wp:attachment":[{"href":"https:\/\/www.mfcloud.com.br\/index.php\/wp-json\/wp\/v2\/media?parent=21"}],"curies":[{"name":"wp","href":"https:\/\/api.w.org\/{rel}","templated":true}]}}