{"id":222,"date":"2019-07-25T01:57:16","date_gmt":"2019-07-25T01:57:16","guid":{"rendered":"https:\/\/www.mfcloud.com.br\/?page_id=222"},"modified":"2019-07-25T15:43:01","modified_gmt":"2019-07-25T15:43:01","slug":"meu-ip","status":"publish","type":"page","link":"https:\/\/www.mfcloud.com.br\/index.php\/meu-ip\/","title":{"rendered":"Meu IP"},"content":{"rendered":"\n<p>O seu endere\u00e7o IP p\u00fablico atual \u00e9: <em><span style=\"color: #ff0000;\"><strong>216.73.216.183<br \/><\/strong><\/span><\/em><\/p>\n<p><code><\/code><\/p>\n","protected":false},"excerpt":{"rendered":"<p>O seu endere\u00e7o IP p\u00fablico atual \u00e9:<\/p>\n","protected":false},"author":1,"featured_media":0,"parent":0,"menu_order":0,"comment_status":"closed","ping_status":"closed","template":"","meta":{"footnotes":""},"class_list":["post-222","page","type-page","status-publish","hentry"],"yoast_head":"<!-- This site is optimized with the Yoast SEO plugin v27.5 - https:\/\/yoast.com\/product\/yoast-seo-wordpress\/ -->\n<title>Meu IP - M&amp;F Cloud<\/title>\n<meta name=\"robots\" content=\"index, follow, max-snippet:-1, max-image-preview:large, max-video-preview:-1\" \/>\n<link rel=\"canonical\" href=\"https:\/\/www.mfcloud.com.br\/index.php\/meu-ip\/\" \/>\n<meta property=\"og:locale\" content=\"pt_BR\" \/>\n<meta property=\"og:type\" content=\"article\" \/>\n<meta property=\"og:title\" content=\"Meu IP - M&amp;F Cloud\" \/>\n<meta property=\"og:description\" content=\"O seu endere\u00e7o IP p\u00fablico atual \u00e9:\" \/>\n<meta property=\"og:url\" content=\"https:\/\/www.mfcloud.com.br\/index.php\/meu-ip\/\" \/>\n<meta property=\"og:site_name\" content=\"M&amp;F Cloud\" \/>\n<meta property=\"article:modified_time\" content=\"2019-07-25T15:43:01+00:00\" \/>\n<meta name=\"twitter:card\" content=\"summary_large_image\" \/>\n<script type=\"application\/ld+json\" class=\"yoast-schema-graph\">{\"@context\":\"https:\\\/\\\/schema.org\",\"@graph\":[{\"@type\":\"WebPage\",\"@id\":\"https:\\\/\\\/www.mfcloud.com.br\\\/index.php\\\/meu-ip\\\/\",\"url\":\"https:\\\/\\\/www.mfcloud.com.br\\\/index.php\\\/meu-ip\\\/\",\"name\":\"Meu IP - M&amp;F Cloud\",\"isPartOf\":{\"@id\":\"https:\\\/\\\/www.mfcloud.com.br\\\/#website\"},\"datePublished\":\"2019-07-25T01:57:16+00:00\",\"dateModified\":\"2019-07-25T15:43:01+00:00\",\"breadcrumb\":{\"@id\":\"https:\\\/\\\/www.mfcloud.com.br\\\/index.php\\\/meu-ip\\\/#breadcrumb\"},\"inLanguage\":\"pt-BR\",\"potentialAction\":[{\"@type\":\"ReadAction\",\"target\":[\"https:\\\/\\\/www.mfcloud.com.br\\\/index.php\\\/meu-ip\\\/\"]}]},{\"@type\":\"BreadcrumbList\",\"@id\":\"https:\\\/\\\/www.mfcloud.com.br\\\/index.php\\\/meu-ip\\\/#breadcrumb\",\"itemListElement\":[{\"@type\":\"ListItem\",\"position\":1,\"name\":\"In\u00edcio\",\"item\":\"https:\\\/\\\/www.mfcloud.com.br\\\/\"},{\"@type\":\"ListItem\",\"position\":2,\"name\":\"Meu IP\"}]},{\"@type\":\"WebSite\",\"@id\":\"https:\\\/\\\/www.mfcloud.com.br\\\/#website\",\"url\":\"https:\\\/\\\/www.mfcloud.com.br\\\/\",\"name\":\"M&amp;F Cloud\",\"description\":\"Surpreenda-se com as possibilidades.\",\"publisher\":{\"@id\":\"https:\\\/\\\/www.mfcloud.com.br\\\/#organization\"},\"potentialAction\":[{\"@type\":\"SearchAction\",\"target\":{\"@type\":\"EntryPoint\",\"urlTemplate\":\"https:\\\/\\\/www.mfcloud.com.br\\\/?s={search_term_string}\"},\"query-input\":{\"@type\":\"PropertyValueSpecification\",\"valueRequired\":true,\"valueName\":\"search_term_string\"}}],\"inLanguage\":\"pt-BR\"},{\"@type\":\"Organization\",\"@id\":\"https:\\\/\\\/www.mfcloud.com.br\\\/#organization\",\"name\":\"M&F Solu\u00e7\u00f5es em Tecnologia\",\"url\":\"https:\\\/\\\/www.mfcloud.com.br\\\/\",\"logo\":{\"@type\":\"ImageObject\",\"inLanguage\":\"pt-BR\",\"@id\":\"https:\\\/\\\/www.mfcloud.com.br\\\/#\\\/schema\\\/logo\\\/image\\\/\",\"url\":\"https:\\\/\\\/www.mfcloud.com.br\\\/wp-content\\\/uploads\\\/2015\\\/08\\\/logo_mf.png\",\"contentUrl\":\"https:\\\/\\\/www.mfcloud.com.br\\\/wp-content\\\/uploads\\\/2015\\\/08\\\/logo_mf.png\",\"width\":594,\"height\":310,\"caption\":\"M&F Solu\u00e7\u00f5es em Tecnologia\"},\"image\":{\"@id\":\"https:\\\/\\\/www.mfcloud.com.br\\\/#\\\/schema\\\/logo\\\/image\\\/\"}}]}<\/script>\n<!-- \/ Yoast SEO plugin. -->","yoast_head_json":{"title":"Meu IP - M&amp;F Cloud","robots":{"index":"index","follow":"follow","max-snippet":"max-snippet:-1","max-image-preview":"max-image-preview:large","max-video-preview":"max-video-preview:-1"},"canonical":"https:\/\/www.mfcloud.com.br\/index.php\/meu-ip\/","og_locale":"pt_BR","og_type":"article","og_title":"Meu IP - M&amp;F Cloud","og_description":"O seu endere\u00e7o IP p\u00fablico atual \u00e9:","og_url":"https:\/\/www.mfcloud.com.br\/index.php\/meu-ip\/","og_site_name":"M&amp;F Cloud","article_modified_time":"2019-07-25T15:43:01+00:00","twitter_card":"summary_large_image","schema":{"@context":"https:\/\/schema.org","@graph":[{"@type":"WebPage","@id":"https:\/\/www.mfcloud.com.br\/index.php\/meu-ip\/","url":"https:\/\/www.mfcloud.com.br\/index.php\/meu-ip\/","name":"Meu IP - M&amp;F Cloud","isPartOf":{"@id":"https:\/\/www.mfcloud.com.br\/#website"},"datePublished":"2019-07-25T01:57:16+00:00","dateModified":"2019-07-25T15:43:01+00:00","breadcrumb":{"@id":"https:\/\/www.mfcloud.com.br\/index.php\/meu-ip\/#breadcrumb"},"inLanguage":"pt-BR","potentialAction":[{"@type":"ReadAction","target":["https:\/\/www.mfcloud.com.br\/index.php\/meu-ip\/"]}]},{"@type":"BreadcrumbList","@id":"https:\/\/www.mfcloud.com.br\/index.php\/meu-ip\/#breadcrumb","itemListElement":[{"@type":"ListItem","position":1,"name":"In\u00edcio","item":"https:\/\/www.mfcloud.com.br\/"},{"@type":"ListItem","position":2,"name":"Meu IP"}]},{"@type":"WebSite","@id":"https:\/\/www.mfcloud.com.br\/#website","url":"https:\/\/www.mfcloud.com.br\/","name":"M&amp;F Cloud","description":"Surpreenda-se com as possibilidades.","publisher":{"@id":"https:\/\/www.mfcloud.com.br\/#organization"},"potentialAction":[{"@type":"SearchAction","target":{"@type":"EntryPoint","urlTemplate":"https:\/\/www.mfcloud.com.br\/?s={search_term_string}"},"query-input":{"@type":"PropertyValueSpecification","valueRequired":true,"valueName":"search_term_string"}}],"inLanguage":"pt-BR"},{"@type":"Organization","@id":"https:\/\/www.mfcloud.com.br\/#organization","name":"M&F Solu\u00e7\u00f5es em Tecnologia","url":"https:\/\/www.mfcloud.com.br\/","logo":{"@type":"ImageObject","inLanguage":"pt-BR","@id":"https:\/\/www.mfcloud.com.br\/#\/schema\/logo\/image\/","url":"https:\/\/www.mfcloud.com.br\/wp-content\/uploads\/2015\/08\/logo_mf.png","contentUrl":"https:\/\/www.mfcloud.com.br\/wp-content\/uploads\/2015\/08\/logo_mf.png","width":594,"height":310,"caption":"M&F Solu\u00e7\u00f5es em Tecnologia"},"image":{"@id":"https:\/\/www.mfcloud.com.br\/#\/schema\/logo\/image\/"}}]}},"_links":{"self":[{"href":"https:\/\/www.mfcloud.com.br\/index.php\/wp-json\/wp\/v2\/pages\/222","targetHints":{"allow":["GET"]}}],"collection":[{"href":"https:\/\/www.mfcloud.com.br\/index.php\/wp-json\/wp\/v2\/pages"}],"about":[{"href":"https:\/\/www.mfcloud.com.br\/index.php\/wp-json\/wp\/v2\/types\/page"}],"author":[{"embeddable":true,"href":"https:\/\/www.mfcloud.com.br\/index.php\/wp-json\/wp\/v2\/users\/1"}],"replies":[{"embeddable":true,"href":"https:\/\/www.mfcloud.com.br\/index.php\/wp-json\/wp\/v2\/comments?post=222"}],"version-history":[{"count":13,"href":"https:\/\/www.mfcloud.com.br\/index.php\/wp-json\/wp\/v2\/pages\/222\/revisions"}],"predecessor-version":[{"id":244,"href":"https:\/\/www.mfcloud.com.br\/index.php\/wp-json\/wp\/v2\/pages\/222\/revisions\/244"}],"wp:attachment":[{"href":"https:\/\/www.mfcloud.com.br\/index.php\/wp-json\/wp\/v2\/media?parent=222"}],"curies":[{"name":"wp","href":"https:\/\/api.w.org\/{rel}","templated":true}]}}